{"id":1154,"date":"2024-06-18T21:22:51","date_gmt":"2024-06-18T21:22:51","guid":{"rendered":"https:\/\/profin.finance\/wer-wir-sind\/"},"modified":"2024-07-10T20:44:21","modified_gmt":"2024-07-10T20:44:21","slug":"wer-wir-sind","status":"publish","type":"page","link":"https:\/\/profin.finance\/de\/wer-wir-sind\/","title":{"rendered":"Wer wir sind"},"content":{"rendered":"\t\t<div data-elementor-type=\"wp-page\" data-elementor-id=\"1154\" class=\"elementor elementor-1154 elementor-539\" data-elementor-post-type=\"page\">\n\t\t\t\t<div class=\"elementor-element elementor-element-6afb42b e-con-full e-flex e-con e-parent\" data-id=\"6afb42b\" data-element_type=\"container\" data-settings=\"{&quot;background_background&quot;:&quot;classic&quot;}\">\n\t\t<div class=\"elementor-element elementor-element-8bbe779 e-con-full e-flex e-con e-child\" data-id=\"8bbe779\" data-element_type=\"container\" data-settings=\"{&quot;position&quot;:&quot;absolute&quot;}\">\n\t\t\t\t<div class=\"elementor-element elementor-element-e448e00 parallax-img-container elementor-widget elementor-widget-image\" data-id=\"e448e00\" data-element_type=\"widget\" data-widget_type=\"image.default\">\n\t\t\t\t<div class=\"elementor-widget-container\">\n\t\t\t<style>\/*! elementor - v3.23.0 - 05-08-2024 *\/\n.elementor-widget-image{text-align:center}.elementor-widget-image a{display:inline-block}.elementor-widget-image a img[src$=\".svg\"]{width:48px}.elementor-widget-image img{vertical-align:middle;display:inline-block}<\/style>\t\t\t\t\t\t\t\t\t\t<img fetchpriority=\"high\" decoding=\"async\" width=\"1920\" height=\"1080\" src=\"https:\/\/profin.finance\/wp-content\/uploads\/2024\/04\/Profin-Abstract-Image-header-main.jpg\" class=\"attachment-full size-full wp-image-208\" alt=\"\" srcset=\"https:\/\/profin.finance\/wp-content\/uploads\/2024\/04\/Profin-Abstract-Image-header-main.jpg 1920w, https:\/\/profin.finance\/wp-content\/uploads\/2024\/04\/Profin-Abstract-Image-header-main-300x169.jpg 300w, https:\/\/profin.finance\/wp-content\/uploads\/2024\/04\/Profin-Abstract-Image-header-main-1024x576.jpg 1024w, https:\/\/profin.finance\/wp-content\/uploads\/2024\/04\/Profin-Abstract-Image-header-main-768x432.jpg 768w, https:\/\/profin.finance\/wp-content\/uploads\/2024\/04\/Profin-Abstract-Image-header-main-1536x864.jpg 1536w\" sizes=\"(max-width: 1920px) 100vw, 1920px\" \/>\t\t\t\t\t\t\t\t\t\t\t\t\t<\/div>\n\t\t\t\t<\/div>\n\t\t\t\t<\/div>\n\t\t<div class=\"elementor-element elementor-element-7d63022 e-flex e-con-boxed e-con e-child\" data-id=\"7d63022\" data-element_type=\"container\" data-settings=\"{&quot;background_background&quot;:&quot;classic&quot;}\">\n\t\t\t\t\t<div class=\"e-con-inner\">\n\t\t<div class=\"elementor-element elementor-element-b2fa605 e-con-full e-flex e-con e-child\" data-id=\"b2fa605\" data-element_type=\"container\">\n\t\t\t\t<div class=\"elementor-element elementor-element-16b841b elementor-widget elementor-widget-heading\" data-id=\"16b841b\" data-element_type=\"widget\" data-widget_type=\"heading.default\">\n\t\t\t\t<div class=\"elementor-widget-container\">\n\t\t\t<style>\/*! elementor - v3.23.0 - 05-08-2024 *\/\n.elementor-heading-title{padding:0;margin:0;line-height:1}.elementor-widget-heading .elementor-heading-title[class*=elementor-size-]>a{color:inherit;font-size:inherit;line-height:inherit}.elementor-widget-heading .elementor-heading-title.elementor-size-small{font-size:15px}.elementor-widget-heading .elementor-heading-title.elementor-size-medium{font-size:19px}.elementor-widget-heading .elementor-heading-title.elementor-size-large{font-size:29px}.elementor-widget-heading .elementor-heading-title.elementor-size-xl{font-size:39px}.elementor-widget-heading .elementor-heading-title.elementor-size-xxl{font-size:59px}<\/style><span class=\"elementor-heading-title elementor-size-default\">PROZESSFINANZIERUNG<\/span>\t\t<\/div>\n\t\t\t\t<\/div>\n\t\t\t\t<div class=\"elementor-element elementor-element-1874817 elementor-widget elementor-widget-heading\" data-id=\"1874817\" data-element_type=\"widget\" data-widget_type=\"heading.default\">\n\t\t\t\t<div class=\"elementor-widget-container\">\n\t\t\t<h1 class=\"elementor-heading-title elementor-size-default\">Wer wir sind<\/h1>\t\t<\/div>\n\t\t\t\t<\/div>\n\t\t\t\t<div class=\"elementor-element elementor-element-caa74b8 elementor-widget elementor-widget-text-editor\" data-id=\"caa74b8\" data-element_type=\"widget\" data-widget_type=\"text-editor.default\">\n\t\t\t\t<div class=\"elementor-widget-container\">\n\t\t\t<style>\/*! elementor - v3.23.0 - 05-08-2024 *\/\n.elementor-widget-text-editor.elementor-drop-cap-view-stacked .elementor-drop-cap{background-color:#69727d;color:#fff}.elementor-widget-text-editor.elementor-drop-cap-view-framed .elementor-drop-cap{color:#69727d;border:3px solid;background-color:transparent}.elementor-widget-text-editor:not(.elementor-drop-cap-view-default) .elementor-drop-cap{margin-top:8px}.elementor-widget-text-editor:not(.elementor-drop-cap-view-default) .elementor-drop-cap-letter{width:1em;height:1em}.elementor-widget-text-editor .elementor-drop-cap{float:left;text-align:center;line-height:1;font-size:50px}.elementor-widget-text-editor .elementor-drop-cap-letter{display:inline-block}<\/style>\t\t\t\t<p>Profin ist ein angesehener Prozessfinanzierer, der f\u00fcr seine umfassende Expertise in den Bereichen Finanzen und Recht bekannt ist. Unser erfahrenes Team zeichnet sich durch die F\u00e4higkeit aus, komplexe Rechtsstreitigkeiten zu bew\u00e4ltigen und Marktchancen zu identifizieren.<\/p>\n<p>Mit einem scharfen Fokus auf die Bed\u00fcrfnisse unserer Kunden bewerten wir Finanzierungsgesuche sorgf\u00e4ltig und beherrschen die rechtlichen Feinheiten und strategischen Man\u00f6ver von Unternehmen und gro\u00dfen Organisationen.<\/p>\n<p>Wir bieten Kapitall\u00f6sungen, die es Anwaltskanzleien und Unternehmen erm\u00f6glichen, Rechtsverfahren effizient zu verwalten und den Wert ihrer Forderungen zu maximieren.<\/p>\n<p>Unsere hochmodernen Legal-Tech-L\u00f6sungen optimieren die Prozesse weiter und gew\u00e4hrleisten ein reibungsloses Fallmanagement.<\/p>\n<p>Unsere Finanzierungsl\u00f6sungen sind darauf ausgelegt, in F\u00e4llen wie komplexen gesch\u00e4ftlichen Auseinandersetzungen, hochkar\u00e4tigen internationalen Schiedsverfahren, Kartellrechts-Klagen und Verbraucherschutzanspr\u00fcchen optimale Ergebnisse zu erzielen. Profin\u2019s unerm\u00fcdliches Engagement f\u00fcr herausragende Ergebnisse hat uns als Branchenf\u00fchrer etabliert.<\/p>\n<p>Erfahren Sie, wie Profin Ihnen helfen kann, Ihre rechtlichen Ziele mit Zuversicht und Klarheit zu erreichen.<br \/>\nMit einem scharfen Fokus auf die Bed\u00fcrfnisse unserer Kunden bewerten wir Finanzierungsgesuche sorgf\u00e4ltig und beherrschen die rechtlichen Feinheiten und strategischen Man\u00f6ver von Unternehmen und gro\u00dfen Organisationen.<\/p>\n<p>Wir bieten Kapitall\u00f6sungen, die es Anwaltskanzleien und Unternehmen erm\u00f6glichen, Rechtsverfahren effizient zu verwalten und den Wert ihrer Forderungen zu maximieren.<\/p>\n<p>Unsere hochmodernen Legal-Tech-L\u00f6sungen optimieren die Prozesse weiter und gew\u00e4hrleisten ein reibungsloses Fallmanagement.<\/p>\n<p>Unsere Finanzierungsl\u00f6sungen sind darauf ausgelegt, in F\u00e4llen wie komplexen gesch\u00e4ftlichen Auseinandersetzungen, hochkar\u00e4tigen internationalen Schiedsverfahren, Kartellrechts-Klagen und Verbraucherschutzanspr\u00fcchen optimale Ergebnisse zu erzielen. Profin\u2019s unerm\u00fcdliches Engagement f\u00fcr herausragende Ergebnisse hat uns als Branchenf\u00fchrer etabliert.<\/p>\n<p>Erfahren Sie, wie Profin Ihnen helfen kann, Ihre rechtlichen Ziele mit Zuversicht und Klarheit zu erreichen.<\/p>\n\t\t\t\t\t\t<\/div>\n\t\t\t\t<\/div>\n\t\t\t\t<\/div>\n\t\t\t\t\t<\/div>\n\t\t\t\t<\/div>\n\t\t\t\t<\/div>\n\t\t<div class=\"elementor-element elementor-element-5e39245 e-flex e-con-boxed e-con e-parent\" data-id=\"5e39245\" data-element_type=\"container\">\n\t\t\t\t\t<div class=\"e-con-inner\">\n\t\t\t\t<div class=\"elementor-element elementor-element-77f56a0 elementor-widget elementor-widget-heading\" data-id=\"77f56a0\" data-element_type=\"widget\" data-widget_type=\"heading.default\">\n\t\t\t\t<div class=\"elementor-widget-container\">\n\t\t\t<h2 class=\"elementor-heading-title elementor-size-default\">Frequently Asked Questions\n<\/h2>\t\t<\/div>\n\t\t\t\t<\/div>\n\t\t\t\t<div class=\"elementor-element elementor-element-facbcda elementor-widget elementor-widget-global elementor-global-1088 elementor-global-1082 elementor-widget-toggle\" data-id=\"facbcda\" data-element_type=\"widget\" data-widget_type=\"toggle.default\">\n\t\t\t\t<div class=\"elementor-widget-container\">\n\t\t\t<style>\/*! elementor - v3.23.0 - 05-08-2024 *\/\n.elementor-toggle{text-align:start}.elementor-toggle .elementor-tab-title{font-weight:700;line-height:1;margin:0;padding:15px;border-bottom:1px solid #d5d8dc;cursor:pointer;outline:none}.elementor-toggle .elementor-tab-title .elementor-toggle-icon{display:inline-block;width:1em}.elementor-toggle .elementor-tab-title .elementor-toggle-icon svg{margin-inline-start:-5px;width:1em;height:1em}.elementor-toggle .elementor-tab-title .elementor-toggle-icon.elementor-toggle-icon-right{float:right;text-align:right}.elementor-toggle .elementor-tab-title .elementor-toggle-icon.elementor-toggle-icon-left{float:left;text-align:left}.elementor-toggle .elementor-tab-title .elementor-toggle-icon .elementor-toggle-icon-closed{display:block}.elementor-toggle .elementor-tab-title .elementor-toggle-icon .elementor-toggle-icon-opened{display:none}.elementor-toggle .elementor-tab-title.elementor-active{border-bottom:none}.elementor-toggle .elementor-tab-title.elementor-active .elementor-toggle-icon-closed{display:none}.elementor-toggle .elementor-tab-title.elementor-active .elementor-toggle-icon-opened{display:block}.elementor-toggle .elementor-tab-content{padding:15px;border-bottom:1px solid #d5d8dc;display:none}@media (max-width:767px){.elementor-toggle .elementor-tab-title{padding:12px}.elementor-toggle .elementor-tab-content{padding:12px 10px}}.e-con-inner>.elementor-widget-toggle,.e-con>.elementor-widget-toggle{width:var(--container-widget-width);--flex-grow:var(--container-widget-flex-grow)}<\/style>\t\t<div class=\"elementor-toggle\">\n\t\t\t\t\t\t\t<div class=\"elementor-toggle-item\">\n\t\t\t\t\t<div id=\"elementor-tab-title-2621\" class=\"elementor-tab-title\" data-tab=\"1\" role=\"button\" aria-controls=\"elementor-tab-content-2621\" aria-expanded=\"false\">\n\t\t\t\t\t\t\t\t\t\t\t\t<span class=\"elementor-toggle-icon elementor-toggle-icon-right\" aria-hidden=\"true\">\n\t\t\t\t\t\t\t\t\t\t\t\t\t\t\t<span class=\"elementor-toggle-icon-closed\"><svg class=\"e-font-icon-svg e-fas-chevron-down\" viewBox=\"0 0 448 512\" xmlns=\"http:\/\/www.w3.org\/2000\/svg\"><path d=\"M207.029 381.476L12.686 187.132c-9.373-9.373-9.373-24.569 0-33.941l22.667-22.667c9.357-9.357 24.522-9.375 33.901-.04L224 284.505l154.745-154.021c9.379-9.335 24.544-9.317 33.901.04l22.667 22.667c9.373 9.373 9.373 24.569 0 33.941L240.971 381.476c-9.373 9.372-24.569 9.372-33.942 0z\"><\/path><\/svg><\/span>\n\t\t\t\t\t\t\t\t<span class=\"elementor-toggle-icon-opened\"><svg class=\"elementor-toggle-icon-opened e-font-icon-svg e-fas-chevron-up\" viewBox=\"0 0 448 512\" xmlns=\"http:\/\/www.w3.org\/2000\/svg\"><path d=\"M240.971 130.524l194.343 194.343c9.373 9.373 9.373 24.569 0 33.941l-22.667 22.667c-9.357 9.357-24.522 9.375-33.901.04L224 227.495 69.255 381.516c-9.379 9.335-24.544 9.317-33.901-.04l-22.667-22.667c-9.373-9.373-9.373-24.569 0-33.941L207.03 130.525c9.372-9.373 24.568-9.373 33.941-.001z\"><\/path><\/svg><\/span>\n\t\t\t\t\t\t\t\t\t\t\t\t\t<\/span>\n\t\t\t\t\t\t\t\t\t\t\t\t<a class=\"elementor-toggle-title\" tabindex=\"0\">Was ist Prozessfinanzierung?<\/a>\n\t\t\t\t\t<\/div>\n\n\t\t\t\t\t<div id=\"elementor-tab-content-2621\" class=\"elementor-tab-content elementor-clearfix\" data-tab=\"1\" role=\"region\" aria-labelledby=\"elementor-tab-title-2621\"><p>Prozessfinanzierung ist eine juristische Finanzdienstleistung. Als Dienstleister in der Prozessfinanzierung \u00fcbernehmen wir bei Profin die notwendigen Kosten einer au\u00dfergerichtlichen oder gerichtlichen Verfolgung Ihrer privaten oder gewerblichen Anspr\u00fcche.<\/p>\n<p>Unsere Finanzierungsoptionen stehen sowohl Privatpersonen als auch Unternehmen und Anw\u00e4lten zur Verf\u00fcgung. Unternehmen k\u00f6nnen Prozessfinanzierung nutzen, um Kosten f\u00fcr Rechtsstreitigkeiten zu decken, insbesondere bei komplexen F\u00e4llen oder bei Streitigkeiten mit hohen finanziellen Risiken. Anw\u00e4lte wiederum k\u00f6nnen Prozessfinanzierung einsetzen, um ihren Mandanten alternative Zahlungsmodalit\u00e4ten anzubieten oder um gr\u00f6\u00dfere und aufwendigere F\u00e4lle anzunehmen, ohne das finanzielle Risiko selbst tragen zu m\u00fcssen.<\/p>\n<p>Durch unsere Expertise und Erfahrung f\u00fchren wir eine gr\u00fcndliche Pr\u00fcfung jedes Falls durch, um die Erfolgsaussichten zu bewerten. Auf dieser Grundlage bieten wir ma\u00dfgeschneiderte Finanzierungsmodelle an, die den individuellen Bed\u00fcrfnissen und Anforderungen unserer Kunden gerecht werden. Unsere Dienstleistung basiert auf Transparenz, Vertrauen und einer engen Zusammenarbeit, um sicherzustellen, dass unsere Kunden bestm\u00f6glich unterst\u00fctzt werden und ihre rechtlichen Ziele erreichen k\u00f6nnen.<\/p>\n<\/div>\n\t\t\t\t<\/div>\n\t\t\t\t\t\t\t<div class=\"elementor-toggle-item\">\n\t\t\t\t\t<div id=\"elementor-tab-title-2622\" class=\"elementor-tab-title\" data-tab=\"2\" role=\"button\" aria-controls=\"elementor-tab-content-2622\" aria-expanded=\"false\">\n\t\t\t\t\t\t\t\t\t\t\t\t<span class=\"elementor-toggle-icon elementor-toggle-icon-right\" aria-hidden=\"true\">\n\t\t\t\t\t\t\t\t\t\t\t\t\t\t\t<span class=\"elementor-toggle-icon-closed\"><svg class=\"e-font-icon-svg e-fas-chevron-down\" viewBox=\"0 0 448 512\" xmlns=\"http:\/\/www.w3.org\/2000\/svg\"><path d=\"M207.029 381.476L12.686 187.132c-9.373-9.373-9.373-24.569 0-33.941l22.667-22.667c9.357-9.357 24.522-9.375 33.901-.04L224 284.505l154.745-154.021c9.379-9.335 24.544-9.317 33.901.04l22.667 22.667c9.373 9.373 9.373 24.569 0 33.941L240.971 381.476c-9.373 9.372-24.569 9.372-33.942 0z\"><\/path><\/svg><\/span>\n\t\t\t\t\t\t\t\t<span class=\"elementor-toggle-icon-opened\"><svg class=\"elementor-toggle-icon-opened e-font-icon-svg e-fas-chevron-up\" viewBox=\"0 0 448 512\" xmlns=\"http:\/\/www.w3.org\/2000\/svg\"><path d=\"M240.971 130.524l194.343 194.343c9.373 9.373 9.373 24.569 0 33.941l-22.667 22.667c-9.357 9.357-24.522 9.375-33.901.04L224 227.495 69.255 381.516c-9.379 9.335-24.544 9.317-33.901-.04l-22.667-22.667c-9.373-9.373-9.373-24.569 0-33.941L207.03 130.525c9.372-9.373 24.568-9.373 33.941-.001z\"><\/path><\/svg><\/span>\n\t\t\t\t\t\t\t\t\t\t\t\t\t<\/span>\n\t\t\t\t\t\t\t\t\t\t\t\t<a class=\"elementor-toggle-title\" tabindex=\"0\">Vorteile der Prozessfinanzierung<\/a>\n\t\t\t\t\t<\/div>\n\n\t\t\t\t\t<div id=\"elementor-tab-content-2622\" class=\"elementor-tab-content elementor-clearfix\" data-tab=\"2\" role=\"region\" aria-labelledby=\"elementor-tab-title-2622\"><p>Als Prozessfinanzierer bieten wir bei Profin unseren Kunden und Partnern, einschlie\u00dflich Unternehmen und Anwaltskanzleien, eine Reihe entscheidender Vorteile:<\/p>\n<p><strong>1. Keine finanziellen Risiken:<\/strong> Sie als Kl\u00e4ger tragen keine finanziellen Risiken. Wir \u00fcbernehmen s\u00e4mtliche Kosten des Rechtsstreits, einschlie\u00dflich Anwaltsgeb\u00fchren und Gerichtskosten. Im Falle eines Verlusts tragen wir die Kosten.<\/p>\n<p><strong>2. Zugang zur Justiz:<\/strong> Wir erm\u00f6glichen Ihnen den Zugang zur Justiz, unabh\u00e4ngig von Ihren finanziellen M\u00f6glichkeiten. Sie k\u00f6nnen Ihre Anspr\u00fcche durchsetzen, ohne sich Gedanken \u00fcber die Kosten eines Rechtsstreits machen zu m\u00fcssen.<\/p>\n<p><strong>3. Fokus auf den Fall:<\/strong> Da wir die finanzielle Last tragen, k\u00f6nnen Sie sich voll und ganz auf die inhaltlichen Aspekte Ihres Falls konzentrieren.<\/p>\n<p><strong>4. Optimierung der Erfolgschancen:<\/strong> Wir f\u00fchren eine gr\u00fcndliche Pr\u00fcfung durch, um die Erfolgsaussichten Ihres Falls zu bewerten. Durch unsere Unterst\u00fctzung und finanzielle Sicherheit erh\u00f6hen sich Ihre Chancen auf einen positiven Ausgang des Rechtsstreits.<\/p>\n<p><strong>5. Flexibilit\u00e4t und ma\u00dfgeschneiderte L\u00f6sungen:<\/strong> Wir bieten flexible Finanzierungsmodelle an, die Ihren individuellen Bed\u00fcrfnissen und den spezifischen Anforderungen Ihres Falls gerecht werden. So stellen wir sicher, dass Sie die bestm\u00f6gliche Unterst\u00fctzung erhalten.<\/p>\n<p>6. Vertrauensvolle Partnerschaft: Unsere Dienstleistung basiert auf Vertrauen und Transparenz. Wir halten Sie \u00fcber den Fortschritt Ihres Falls auf dem Laufenden und stehen Ihnen jederzeit f\u00fcr Fragen und R\u00fcckmeldungen zur Verf\u00fcgung.<\/p>\n<p>Diese Vorteile machen die Prozessfinanzierung zu einer effektiven M\u00f6glichkeit, Ihre Rechtsanspr\u00fcche durchzusetzen, ohne dass Sie die finanziellen Risiken und Belastungen eines Rechtsstreits tragen m\u00fcssen.<\/p>\n<\/div>\n\t\t\t\t<\/div>\n\t\t\t\t\t\t\t<div class=\"elementor-toggle-item\">\n\t\t\t\t\t<div id=\"elementor-tab-title-2623\" class=\"elementor-tab-title\" data-tab=\"3\" role=\"button\" aria-controls=\"elementor-tab-content-2623\" aria-expanded=\"false\">\n\t\t\t\t\t\t\t\t\t\t\t\t<span class=\"elementor-toggle-icon elementor-toggle-icon-right\" aria-hidden=\"true\">\n\t\t\t\t\t\t\t\t\t\t\t\t\t\t\t<span class=\"elementor-toggle-icon-closed\"><svg class=\"e-font-icon-svg e-fas-chevron-down\" viewBox=\"0 0 448 512\" xmlns=\"http:\/\/www.w3.org\/2000\/svg\"><path d=\"M207.029 381.476L12.686 187.132c-9.373-9.373-9.373-24.569 0-33.941l22.667-22.667c9.357-9.357 24.522-9.375 33.901-.04L224 284.505l154.745-154.021c9.379-9.335 24.544-9.317 33.901.04l22.667 22.667c9.373 9.373 9.373 24.569 0 33.941L240.971 381.476c-9.373 9.372-24.569 9.372-33.942 0z\"><\/path><\/svg><\/span>\n\t\t\t\t\t\t\t\t<span class=\"elementor-toggle-icon-opened\"><svg class=\"elementor-toggle-icon-opened e-font-icon-svg e-fas-chevron-up\" viewBox=\"0 0 448 512\" xmlns=\"http:\/\/www.w3.org\/2000\/svg\"><path d=\"M240.971 130.524l194.343 194.343c9.373 9.373 9.373 24.569 0 33.941l-22.667 22.667c-9.357 9.357-24.522 9.375-33.901.04L224 227.495 69.255 381.516c-9.379 9.335-24.544 9.317-33.901-.04l-22.667-22.667c-9.373-9.373-9.373-24.569 0-33.941L207.03 130.525c9.372-9.373 24.568-9.373 33.941-.001z\"><\/path><\/svg><\/span>\n\t\t\t\t\t\t\t\t\t\t\t\t\t<\/span>\n\t\t\t\t\t\t\t\t\t\t\t\t<a class=\"elementor-toggle-title\" tabindex=\"0\">Wie funktioniert die Prozessfinanzierung?<\/a>\n\t\t\t\t\t<\/div>\n\n\t\t\t\t\t<div id=\"elementor-tab-content-2623\" class=\"elementor-tab-content elementor-clearfix\" data-tab=\"3\" role=\"region\" aria-labelledby=\"elementor-tab-title-2623\"><p>Die Prozessfinanzierung bei Profin funktioniert folgenderma\u00dfen und richtet sich an Privatpersonen, Unternehmen und Anwaltskanzleien:<\/p>\n<p><strong>1. Fallpr\u00fcfung:<\/strong> Zun\u00e4chst reichen Sie Ihren Fall bei uns ein. Wir bei Profin pr\u00fcfen die Erfolgsaussichten Ihres Rechtsstreits, den Streitwert, die Beweislage und die rechtlichen Grundlagen. Diese Pr\u00fcfung ist in der Regel kostenlos.<\/p>\n<p><strong>2. Finanzierungsangebot:<\/strong> Wenn wir den Fall als aussichtsreich bewerten, unterbreiten wir Ihnen ein Finanzierungsangebot. Dieses Angebot umfasst die Bedingungen der Finanzierung, einschlie\u00dflich des prozentualen Anteils, den wir im Erfolgsfall erhalten.<\/p>\n<p><strong>3. Vertragsabschluss:<\/strong> Wenn Sie unser Angebot annehmen, schlie\u00dfen wir einen Finanzierungsvertrag ab. Dieser Vertrag legt fest, dass Profin die Kosten des Rechtsstreits \u00fcbernimmt, einschlie\u00dflich Anwalts- und Gerichtskosten sowie eventuelle Sachverst\u00e4ndigen- und Gutachterkosten.<\/p>\n<p><strong>4. Kosten\u00fcbernahme:<\/strong> Sobald der Vertrag abgeschlossen ist, \u00fcbernehmen wir die anfallenden Kosten des Rechtsstreits. Sie m\u00fcssen keine Vorauszahlungen leisten oder finanzielle Risiken eingehen.<\/p>\n<p><strong>5. Rechtsstreitf\u00fchrung:<\/strong> Ihr Anwalt f\u00fchrt den Rechtsstreit in enger Zusammenarbeit mit uns. Profin stellt sicher, dass alle notwendigen Ressourcen zur Verf\u00fcgung stehen, um den Fall bestm\u00f6glich zu f\u00fchren.<\/p>\n<p><strong>6. Vergleichs- oder Urteilsergebnis:<\/strong> Wenn der Fall erfolgreich abgeschlossen wird, sei es durch ein Urteil oder einen Vergleich, erhalten wir den vereinbarten prozentualen Anteil des erstrittenen Betrags. Der Restbetrag wird Ihnen ausgezahlt.<\/p>\n<p><strong>7. Verlieren des Falles:<\/strong> Sollte der Rechtsstreit verloren gehen, tr\u00e4gt Profin alle entstandenen Kosten. Sie sind in diesem Fall nicht verpflichtet, uns irgendetwas zu erstatten.<\/p>\n<p>Zusammengefasst bietet die Prozesskostenfinanzierung bei Profin eine M\u00f6glichkeit, Ihre rechtlichen Anspr\u00fcche durchzusetzen, ohne dass Sie die finanziellen Risiken und Belastungen eines Rechtsstreits tragen m\u00fcssen. Wir \u00fcbernehmen die Kosten und das Risiko, w\u00e4hrend Sie sich auf den inhaltlichen Erfolg Ihres Falls konzentrieren k\u00f6nnen.<\/p>\n<\/div>\n\t\t\t\t<\/div>\n\t\t\t\t\t\t\t<div class=\"elementor-toggle-item\">\n\t\t\t\t\t<div id=\"elementor-tab-title-2624\" class=\"elementor-tab-title\" data-tab=\"4\" role=\"button\" aria-controls=\"elementor-tab-content-2624\" aria-expanded=\"false\">\n\t\t\t\t\t\t\t\t\t\t\t\t<span class=\"elementor-toggle-icon elementor-toggle-icon-right\" aria-hidden=\"true\">\n\t\t\t\t\t\t\t\t\t\t\t\t\t\t\t<span class=\"elementor-toggle-icon-closed\"><svg class=\"e-font-icon-svg e-fas-chevron-down\" viewBox=\"0 0 448 512\" xmlns=\"http:\/\/www.w3.org\/2000\/svg\"><path d=\"M207.029 381.476L12.686 187.132c-9.373-9.373-9.373-24.569 0-33.941l22.667-22.667c9.357-9.357 24.522-9.375 33.901-.04L224 284.505l154.745-154.021c9.379-9.335 24.544-9.317 33.901.04l22.667 22.667c9.373 9.373 9.373 24.569 0 33.941L240.971 381.476c-9.373 9.372-24.569 9.372-33.942 0z\"><\/path><\/svg><\/span>\n\t\t\t\t\t\t\t\t<span class=\"elementor-toggle-icon-opened\"><svg class=\"elementor-toggle-icon-opened e-font-icon-svg e-fas-chevron-up\" viewBox=\"0 0 448 512\" xmlns=\"http:\/\/www.w3.org\/2000\/svg\"><path d=\"M240.971 130.524l194.343 194.343c9.373 9.373 9.373 24.569 0 33.941l-22.667 22.667c-9.357 9.357-24.522 9.375-33.901.04L224 227.495 69.255 381.516c-9.379 9.335-24.544 9.317-33.901-.04l-22.667-22.667c-9.373-9.373-9.373-24.569 0-33.941L207.03 130.525c9.372-9.373 24.568-9.373 33.941-.001z\"><\/path><\/svg><\/span>\n\t\t\t\t\t\t\t\t\t\t\t\t\t<\/span>\n\t\t\t\t\t\t\t\t\t\t\t\t<a class=\"elementor-toggle-title\" tabindex=\"0\">Was kostet eine Prozessfinanzierung?<\/a>\n\t\t\t\t\t<\/div>\n\n\t\t\t\t\t<div id=\"elementor-tab-content-2624\" class=\"elementor-tab-content elementor-clearfix\" data-tab=\"4\" role=\"region\" aria-labelledby=\"elementor-tab-title-2624\"><p>Als Anbieter von Prozessfinanzierungen berechnen wir bei Profin unsere Verg\u00fctung in der Regel als prozentualen Anteil des durch den Rechtsstreit erzielten Betrags. \u00dcblicherweise liegt dieser Anteil zwischen 20 % und 50 %, abh\u00e4ngig von verschiedenen Faktoren.<\/p>\n<p>Einige der Faktoren, die die Kosten beeinflussen, sind:<\/p>\n<p><strong>1. Komplexit\u00e4t des Falls:<\/strong> Je komplexer der Fall, desto h\u00f6her k\u00f6nnen die Kosten ausfallen.<\/p>\n<p><strong>2. H\u00f6he des Streitwerts:<\/strong> Bei h\u00f6heren Streitwerten kann unser prozentualer Anteil niedriger sein.<\/p>\n<p><strong>3. Erfolgsaussichten:<\/strong> Bei sehr aussichtsreichen F\u00e4llen sind wir m\u00f6glicherweise bereit, einen geringeren Anteil zu akzeptieren.<\/p>\n<p><strong>4. Dauer des Verfahrens:<\/strong> L\u00e4ngere Verfahren k\u00f6nnen h\u00f6here Finanzierungskosten verursachen.<\/p>\n<p>Profin pr\u00fcft jeden Fall individuell und bietet ma\u00dfgeschneiderte L\u00f6sungen an, um sicherzustellen, dass unsere Kunden die bestm\u00f6glichen Konditionen erhalten.<\/p>\n<\/div>\n\t\t\t\t<\/div>\n\t\t\t\t\t\t\t\t<\/div>\n\t\t\t\t<\/div>\n\t\t\t\t<\/div>\n\t\t\t\t\t<\/div>\n\t\t\t\t<\/div>\n\t\t\t\t<\/div>\n\t\t","protected":false},"excerpt":{"rendered":"<p>PROZESSFINANZIERUNG Wer wir sind Profin ist ein angesehener Prozessfinanzierer, der f\u00fcr seine umfassende Expertise in den Bereichen Finanzen und Recht bekannt ist. Unser erfahrenes Team zeichnet sich durch die F\u00e4higkeit aus, komplexe Rechtsstreitigkeiten zu bew\u00e4ltigen und Marktchancen zu identifizieren. Mit einem scharfen Fokus auf die Bed\u00fcrfnisse unserer Kunden bewerten wir Finanzierungsgesuche sorgf\u00e4ltig und beherrschen die [&hellip;]<\/p>\n","protected":false},"author":1,"featured_media":0,"parent":0,"menu_order":0,"comment_status":"closed","ping_status":"closed","template":"","meta":{"footnotes":""},"_links":{"self":[{"href":"https:\/\/profin.finance\/de\/wp-json\/wp\/v2\/pages\/1154"}],"collection":[{"href":"https:\/\/profin.finance\/de\/wp-json\/wp\/v2\/pages"}],"about":[{"href":"https:\/\/profin.finance\/de\/wp-json\/wp\/v2\/types\/page"}],"author":[{"embeddable":true,"href":"https:\/\/profin.finance\/de\/wp-json\/wp\/v2\/users\/1"}],"replies":[{"embeddable":true,"href":"https:\/\/profin.finance\/de\/wp-json\/wp\/v2\/comments?post=1154"}],"version-history":[{"count":0,"href":"https:\/\/profin.finance\/de\/wp-json\/wp\/v2\/pages\/1154\/revisions"}],"wp:attachment":[{"href":"https:\/\/profin.finance\/de\/wp-json\/wp\/v2\/media?parent=1154"}],"curies":[{"name":"wp","href":"https:\/\/api.w.org\/{rel}","templated":true}]}}